{"id":4534,"date":"2023-01-16T12:15:51","date_gmt":"2023-01-16T17:15:51","guid":{"rendered":"https:\/\/rmtequip.com\/test-forms\/"},"modified":"2023-02-09T13:34:27","modified_gmt":"2023-02-09T18:34:27","slug":"test-forms","status":"publish","type":"page","link":"https:\/\/rmtequip.com\/en\/test-forms\/","title":{"rendered":"Test Forms"},"content":{"rendered":"\t\t<div data-elementor-type=\"wp-page\" data-elementor-id=\"4534\" class=\"elementor elementor-4534 elementor-4506\" wpc-filter-elementor-widget=\"1\" data-elementor-post-type=\"page\">\n\t\t\t\t\t\t<section class=\"elementor-section elementor-top-section elementor-element elementor-element-ec3d9fc elementor-section-boxed elementor-section-height-default elementor-section-height-default\" data-id=\"ec3d9fc\" data-element_type=\"section\" data-e-type=\"section\" data-settings=\"{&quot;jet_parallax_layout_list&quot;:[]}\">\n\t\t\t\t\t\t<div class=\"elementor-container elementor-column-gap-default\">\n\t\t\t\t\t<div class=\"elementor-column elementor-col-100 elementor-top-column elementor-element elementor-element-fcce122\" data-id=\"fcce122\" data-element_type=\"column\" data-e-type=\"column\">\n\t\t\t<div class=\"elementor-widget-wrap elementor-element-populated\">\n\t\t\t\t\t\t<div class=\"elementor-element elementor-element-c1f6954 uael-gf-check-yes uael-gf-btn-size-md uael-gf-ajax-true uael-gf-style-box uael-gf-input-size-sm uael-gf-enable-classes-no uael-gf-button-left elementor-widget elementor-widget-uael-gf-styler\" data-id=\"c1f6954\" data-element_type=\"widget\" data-e-type=\"widget\" data-widget_type=\"uael-gf-styler.default\">\n\t\t\t\t<div class=\"elementor-widget-container\">\n\t\t\t\t\t<div class=\"uael-gf-style uael-gf-check-style elementor-clickable\">\n\t\n<\/div>\n\t\t\t\t<\/div>\n\t\t\t\t<\/div>\n\t\t\t\t\t<\/div>\n\t\t<\/div>\n\t\t\t\t\t<\/div>\n\t\t<\/section>\n\t\t\t\t<\/div>\n\t\t","protected":false},"excerpt":{"rendered":"<p>Nom complet(N\u00e9cessaire) Pr\u00e9nom Nom Entreprise(N\u00e9cessaire) Pays(N\u00e9cessaire)Choisir&#8230;Canada\u00c9tats-UnisProvince(N\u00e9cessaire)Choisir&#8230;AlbertaColombie-BritanniqueManitobaNouveau-BrunswickTerre-Neuve-et-LabradorTerritoires du Nord-OuestNouvelle-\u00c9cosseNunavutOntario\u00cele du Prince-\u00c9douardQu\u00e9becSaskatchewanYukon\u00c9tats(N\u00e9cessaire)Choisir&#8230;AlabamaAlaskaSamoa am\u00e9ricainesArizonaArkansasCalifornieColoradoConnecticutDelawareDistrict de ColumbiaFlorideG\u00e9orgieGuamHawa\u00efIdahoIllinoisIndianaIowaKansasKentuckyLouisianeMaineMarylandMassachusettsMichiganMinnesotaMississippiMissouriMontanaNebraskaNevadaNew HampshireNew JerseyNouveau-MexiqueNew YorkCaroline du NordDakota du Nord\u00celes Mariannes du NordOhioOklahomaOregonPennsylvaniePorto RicoRhode IslandCaroline du SudDakota du SudTennesseeTexasUtah\u00celes Vierges am\u00e9ricainesVermontVirginieWashingtonVirginie-OccidentaleWisconsinWyomingForces arm\u00e9es des Am\u00e9riquesForces arm\u00e9es en EuropeForces arm\u00e9es du PacifiqueT\u00e9l\u00e9phone(N\u00e9cessaire)Courriel(N\u00e9cessaire) Pour quel produit aimeriez vous avoir de l&#039;information?Choisir&#8230;EgoPro-Solution de d\u00e9tectionOrlaco-Cam\u00e9ras de reculScitronics-D\u00e9tecteur de m\u00e9tal et [&hellip;]<\/p>\n","protected":false},"author":7,"featured_media":0,"parent":0,"menu_order":0,"comment_status":"closed","ping_status":"closed","template":"","meta":{"_acf_changed":false,"_eb_attr":"","inline_featured_image":false,"footnotes":""},"class_list":["post-4534","page","type-page","status-publish","hentry"],"acf":[],"_links":{"self":[{"href":"https:\/\/rmtequip.com\/en\/wp-json\/wp\/v2\/pages\/4534","targetHints":{"allow":["GET"]}}],"collection":[{"href":"https:\/\/rmtequip.com\/en\/wp-json\/wp\/v2\/pages"}],"about":[{"href":"https:\/\/rmtequip.com\/en\/wp-json\/wp\/v2\/types\/page"}],"author":[{"embeddable":true,"href":"https:\/\/rmtequip.com\/en\/wp-json\/wp\/v2\/users\/7"}],"replies":[{"embeddable":true,"href":"https:\/\/rmtequip.com\/en\/wp-json\/wp\/v2\/comments?post=4534"}],"version-history":[{"count":1,"href":"https:\/\/rmtequip.com\/en\/wp-json\/wp\/v2\/pages\/4534\/revisions"}],"predecessor-version":[{"id":4535,"href":"https:\/\/rmtequip.com\/en\/wp-json\/wp\/v2\/pages\/4534\/revisions\/4535"}],"wp:attachment":[{"href":"https:\/\/rmtequip.com\/en\/wp-json\/wp\/v2\/media?parent=4534"}],"curies":[{"name":"wp","href":"https:\/\/api.w.org\/{rel}","templated":true}]}}