{"id":2178,"date":"2022-08-02T02:53:59","date_gmt":"2022-08-02T02:53:59","guid":{"rendered":"https:\/\/rmtequip.com\/systeme-de-detection\/"},"modified":"2022-08-09T08:50:48","modified_gmt":"2022-08-09T08:50:48","slug":"detection-system","status":"publish","type":"page","link":"https:\/\/rmtequip.com\/en\/detection-system\/","title":{"rendered":"Detection system"},"content":{"rendered":"\t\t<div data-elementor-type=\"wp-page\" data-elementor-id=\"2178\" class=\"elementor elementor-2178 elementor-2071\" wpc-filter-elementor-widget=\"1\" data-elementor-post-type=\"page\">\n\t\t\t\t\t\t<section class=\"elementor-section elementor-top-section elementor-element elementor-element-a774f23 elementor-section-content-middle custom_page_breadcum elementor-section-boxed elementor-section-height-default elementor-section-height-default\" data-id=\"a774f23\" data-element_type=\"section\" data-e-type=\"section\" data-settings=\"{&quot;jet_parallax_layout_list&quot;:[],&quot;background_background&quot;:&quot;classic&quot;}\">\n\t\t\t\t\t\t<div class=\"elementor-container elementor-column-gap-default\">\n\t\t\t\t\t<div class=\"elementor-column elementor-col-50 elementor-top-column elementor-element elementor-element-81b207d\" data-id=\"81b207d\" data-element_type=\"column\" data-e-type=\"column\">\n\t\t\t<div class=\"elementor-widget-wrap elementor-element-populated\">\n\t\t\t\t\t\t<div class=\"elementor-element elementor-element-b84d850 elementor-widget elementor-widget-button\" data-id=\"b84d850\" data-element_type=\"widget\" data-e-type=\"widget\" data-widget_type=\"button.default\">\n\t\t\t\t<div class=\"elementor-widget-container\">\n\t\t\t\t\t\t\t\t\t<div class=\"elementor-button-wrapper\">\n\t\t\t\t\t<a class=\"elementor-button elementor-button-link elementor-size-md\" href=\"https:\/\/rmtequip.com\/en\/\">\n\t\t\t\t\t\t<span class=\"elementor-button-content-wrapper\">\n\t\t\t\t\t\t<span class=\"elementor-button-icon\">\n\t\t\t\t<i aria-hidden=\"true\" class=\"fas fa-angle-left\"><\/i>\t\t\t<\/span>\n\t\t\t\t\t\t\t\t\t<span class=\"elementor-button-text\">Back<\/span>\n\t\t\t\t\t<\/span>\n\t\t\t\t\t<\/a>\n\t\t\t\t<\/div>\n\t\t\t\t\t\t\t\t<\/div>\n\t\t\t\t<\/div>\n\t\t\t\t\t<\/div>\n\t\t<\/div>\n\t\t\t\t<div class=\"elementor-column elementor-col-50 elementor-top-column elementor-element elementor-element-2592195\" data-id=\"2592195\" data-element_type=\"column\" data-e-type=\"column\">\n\t\t\t<div class=\"elementor-widget-wrap elementor-element-populated\">\n\t\t\t\t\t\t<div class=\"elementor-element elementor-element-f5590cb elementor-widget elementor-widget-woocommerce-breadcrumb\" data-id=\"f5590cb\" data-element_type=\"widget\" data-e-type=\"widget\" data-widget_type=\"woocommerce-breadcrumb.default\">\n\t\t\t\t<div class=\"elementor-widget-container\">\n\t\t\t\t\t<nav class=\"woocommerce-breadcrumb\" aria-label=\"Breadcrumb\">Home<\/nav>\t\t\t\t<\/div>\n\t\t\t\t<\/div>\n\t\t\t\t\t<\/div>\n\t\t<\/div>\n\t\t\t\t\t<\/div>\n\t\t<\/section>\n\t\t\t\t<section class=\"elementor-section elementor-top-section elementor-element elementor-element-316798f elementor-section-boxed elementor-section-height-default elementor-section-height-default\" data-id=\"316798f\" data-element_type=\"section\" data-e-type=\"section\" data-settings=\"{&quot;jet_parallax_layout_list&quot;:[],&quot;background_background&quot;:&quot;classic&quot;}\">\n\t\t\t\t\t\t<div class=\"elementor-container elementor-column-gap-default\">\n\t\t\t\t\t<div class=\"elementor-column elementor-col-100 elementor-top-column elementor-element elementor-element-14762c1\" data-id=\"14762c1\" data-element_type=\"column\" data-e-type=\"column\">\n\t\t\t<div class=\"elementor-widget-wrap elementor-element-populated\">\n\t\t\t\t\t\t<div class=\"elementor-element elementor-element-3bd12f4 elementor-widget elementor-widget-accordion\" data-id=\"3bd12f4\" data-element_type=\"widget\" data-e-type=\"widget\" data-widget_type=\"accordion.default\">\n\t\t\t\t<div class=\"elementor-widget-container\">\n\t\t\t\t\t\t\t<div class=\"elementor-accordion\">\n\t\t\t\t\t\t\t<div class=\"elementor-accordion-item\">\n\t\t\t\t\t<div id=\"elementor-tab-title-6271\" class=\"elementor-tab-title\" data-tab=\"1\" role=\"button\" aria-controls=\"elementor-tab-content-6271\" aria-expanded=\"false\">\n\t\t\t\t\t\t\t\t\t\t\t\t\t<span class=\"elementor-accordion-icon elementor-accordion-icon-right\" aria-hidden=\"true\">\n\t\t\t\t\t\t\t\t\t\t\t\t\t\t\t<span class=\"elementor-accordion-icon-closed\"><i class=\"fas fa-chevron-down\"><\/i><\/span>\n\t\t\t\t\t\t\t\t<span class=\"elementor-accordion-icon-opened\"><i class=\"fas fa-angle-up\"><\/i><\/span>\n\t\t\t\t\t\t\t\t\t\t\t\t\t\t<\/span>\n\t\t\t\t\t\t\t\t\t\t\t\t<a class=\"elementor-accordion-title\" tabindex=\"0\"><\/a>\n\t\t\t\t\t<\/div>\n\t\t\t\t\t<div id=\"elementor-tab-content-6271\" class=\"elementor-tab-content elementor-clearfix\" data-tab=\"1\" role=\"region\" aria-labelledby=\"elementor-tab-title-6271\"><p><strong>Pour des op\u00e9rations plus efficaces et rentables<\/strong><\/p><p>Nos exigences sont tr\u00e8s \u00e9lev\u00e9es et nous ne collaborons qu\u2019avec les fabricants qui rencontrent nos standards. Nous les choisissons pour la sup\u00e9riorit\u00e9 de leurs produits \u00e0 tous les niveaux: fabrication, robustesse, ergonomie, fonctionnalit\u00e9s et convivialit\u00e9 d\u2019interface, avanc\u00e9es technologiques, adaptabilit\u00e9, disponibilit\u00e9 d\u2019inventaire et grande pr\u00e9cision.<\/p><p><strong>Nos experts seront heureux de vous conseiller sur la solution de pesage la mieux adapt\u00e9e \u00e0 vos besoins. Notre but? Optimiser l\u2019efficacit\u00e9 et la rentabilit\u00e9 de vos op\u00e9rations de transport et de manutention avec les syst\u00e8mes les plus performants sur le march\u00e9.<\/strong><\/p><p>Am\u00e9liorez votre productivit\u00e9.<\/p><\/div>\n\t\t\t\t<\/div>\n\t\t\t\t\t\t\t\t<\/div>\n\t\t\t\t\t\t<\/div>\n\t\t\t\t<\/div>\n\t\t\t\t\t<\/div>\n\t\t<\/div>\n\t\t\t\t\t<\/div>\n\t\t<\/section>\n\t\t\t\t<section class=\"elementor-section elementor-top-section elementor-element elementor-element-e325598 elementor-section-boxed elementor-section-height-default elementor-section-height-default\" data-id=\"e325598\" data-element_type=\"section\" data-e-type=\"section\" data-settings=\"{&quot;jet_parallax_layout_list&quot;:[]}\">\n\t\t\t\t\t\t<div class=\"elementor-container elementor-column-gap-default\">\n\t\t\t\t\t<div class=\"elementor-column elementor-col-100 elementor-top-column elementor-element elementor-element-dcc43cc\" data-id=\"dcc43cc\" data-element_type=\"column\" data-e-type=\"column\">\n\t\t\t<div class=\"elementor-widget-wrap elementor-element-populated\">\n\t\t\t\t\t\t<div class=\"elementor-element elementor-element-3b5faad elementor-grid-4 elementor-grid-tablet-3 elementor-grid-mobile-2 elementor-products-grid elementor-wc-products elementor-show-pagination-border-yes elementor-widget elementor-widget-woocommerce-products\" data-id=\"3b5faad\" data-element_type=\"widget\" data-e-type=\"widget\" data-widget_type=\"woocommerce-products.default\">\n\t\t\t\t<div class=\"elementor-widget-container\">\n\t\t\t\t\t<div class=\"woocommerce columns-4 \"><div class=\"woocommerce-notices-wrapper\"><\/div><ul class=\"products elementor-grid columns-4\">\n<li class=\"product type-product post-2272 status-publish first instock product_cat-detection-en-2 product_cat-detection-en product_cat-handling product_cat-heavy-machinerie product_cat-radar-camera-detection product_cat-radar-camera-detection-en has-post-thumbnail shipping-taxable product-type-simple\">\n\t<div class=\"product_box\">\n    \t<div class=\"product_image_box product__image\">\n        \t<a class=\"proimag_click\" href=\"https:\/\/rmtequip.com\/en\/produits\/orlaco-radareye-kit\/\">\n            \t<img decoding=\"async\" src=\"https:\/\/rmtequip.com\/wp-content\/uploads\/2022\/06\/HE_RadarEyeSingle_Shadow.png\" \/>\n            <\/a>\n        <\/div>\n        <div class=\"product_title product__name\">\n        \t<h3 class=\"product-title\"><a href=\"https:\/\/rmtequip.com\/en\/produits\/orlaco-radareye-kit\/\">7&#8243; RadarEye with rear view camera kit<\/a><\/h3>\n        <\/div>\n        <div class=\"product__sku\">\n        \t<!-- <span>RMT21000<\/span> -->\n        <\/div>\n\t\t<div>\n\t\t\t<p style=\"font-size: 0.8em;\">\n\t\t\t\t \n\t\t\t<\/p>\n\t\t\t \n\t\t<\/div>\n        \t\n\n    <\/div>\n         <div class=\"btn_container flex justify--between\">\n     <a class=\"detailbtn\" href=\"https:\/\/rmtequip.com\/en\/produits\/orlaco-radareye-kit\/\"><span class=\"plusicon\">+ <\/span> Detail<\/a>\n     \n\t <div\n\tclass=\"yith-ywraq-add-to-quote add-to-quote-2272\" >\n\t\t<div class=\"yith-ywraq-add-button show\" style=\"display:block\"  data-product_id=\"2272\">\n\t\t<a href=\"#\" class=\"add-request-quote-button button\" data-product_id=\"2272\" data-wp_nonce=\"471c77c17d\" >Add to quote<\/a>\t<\/div>\n\t<div\n\t\tclass=\"yith_ywraq_add_item_product-response-2272 yith_ywraq_add_item_product_message hide hide-when-removed\"\n\t\tstyle=\"display:none\" data-product_id=\"2272\"><\/div>\n\t<div\n\t\tclass=\"yith_ywraq_add_item_response-2272 yith_ywraq_add_item_response_message hide hide-when-removed\"\n\t\tdata-product_id=\"2272\"\n\t\tstyle=\"display:none\">This product is already in quote request list<\/div>\n\t<div\n\t\tclass=\"yith_ywraq_add_item_browse-list-2272 yith_ywraq_add_item_browse_message  hide hide-when-removed\"\n\t\tstyle=\"display:none\"\n\t\tdata-product_id=\"2272\"><a\n\t\t\thref=\"https:\/\/rmtequip.com\/en\/request-a-quote\/\">Browse the list<\/a><\/div>\n<\/div>\n<div class=\"clear\"><\/div>    <\/div>\n<\/li><li class=\"product type-product post-2281 status-publish instock product_cat-detection-en-2 product_cat-detection-en product_cat-handling product_cat-heavy-machinerie product_cat-radar-camera-detection-en product_cat-radar-camera-detection has-post-thumbnail shipping-taxable product-type-simple\">\n\t<div class=\"product_box\">\n    \t<div class=\"product_image_box product__image\">\n        \t<a class=\"proimag_click\" href=\"https:\/\/rmtequip.com\/en\/produits\/radareye-with-rear-view-camera\/\">\n            \t<img decoding=\"async\" src=\"https:\/\/rmtequip.com\/wp-content\/uploads\/2022\/06\/HE_RadarEyeSingle_Shadow.png\" \/>\n            <\/a>\n        <\/div>\n        <div class=\"product_title product__name\">\n        \t<h3 class=\"product-title\"><a href=\"https:\/\/rmtequip.com\/en\/produits\/radareye-with-rear-view-camera\/\">Orlaco RadarEye with rear view camera<\/a><\/h3>\n        <\/div>\n        <div class=\"product__sku\">\n        \t<!-- <span>RMT21000<\/span> -->\n        <\/div>\n\t\t<div>\n\t\t\t<p style=\"font-size: 0.8em;\">\n\t\t\t\t \n\t\t\t<\/p>\n\t\t\t \n\t\t<\/div>\n        \t\n\n    <\/div>\n         <div class=\"btn_container flex justify--between\">\n     <a class=\"detailbtn\" href=\"https:\/\/rmtequip.com\/en\/produits\/radareye-with-rear-view-camera\/\"><span class=\"plusicon\">+ <\/span> Detail<\/a>\n     \n\t <div\n\tclass=\"yith-ywraq-add-to-quote add-to-quote-2281\" >\n\t\t<div class=\"yith-ywraq-add-button show\" style=\"display:block\"  data-product_id=\"2281\">\n\t\t<a href=\"#\" class=\"add-request-quote-button button\" data-product_id=\"2281\" data-wp_nonce=\"d75da68017\" >Add to quote<\/a>\t<\/div>\n\t<div\n\t\tclass=\"yith_ywraq_add_item_product-response-2281 yith_ywraq_add_item_product_message hide hide-when-removed\"\n\t\tstyle=\"display:none\" data-product_id=\"2281\"><\/div>\n\t<div\n\t\tclass=\"yith_ywraq_add_item_response-2281 yith_ywraq_add_item_response_message hide hide-when-removed\"\n\t\tdata-product_id=\"2281\"\n\t\tstyle=\"display:none\">This product is already in quote request list<\/div>\n\t<div\n\t\tclass=\"yith_ywraq_add_item_browse-list-2281 yith_ywraq_add_item_browse_message  hide hide-when-removed\"\n\t\tstyle=\"display:none\"\n\t\tdata-product_id=\"2281\"><a\n\t\t\thref=\"https:\/\/rmtequip.com\/en\/request-a-quote\/\">Browse the list<\/a><\/div>\n<\/div>\n<div class=\"clear\"><\/div>    <\/div>\n<\/li><li class=\"product type-product post-2282 status-publish instock product_cat-detection-en product_cat-heavy-machinerie product_cat-metal-detector has-post-thumbnail shipping-taxable product-type-simple\">\n\t<div class=\"product_box\">\n    \t<div class=\"product_image_box product__image\">\n        \t<a class=\"proimag_click\" href=\"https:\/\/rmtequip.com\/en\/produits\/scitronics-dual-coil-metal-detector-30-48\/\">\n            \t<img decoding=\"async\" src=\"https:\/\/rmtequip.com\/wp-content\/uploads\/2022\/06\/scitronics-metal.jpg\" \/>\n            <\/a>\n        <\/div>\n        <div class=\"product_title product__name\">\n        \t<h3 class=\"product-title\"><a href=\"https:\/\/rmtequip.com\/en\/produits\/scitronics-dual-coil-metal-detector-30-48\/\">Scitronics dual coil tramp metal detector 30-48&#8243;<\/a><\/h3>\n        <\/div>\n        <div class=\"product__sku\">\n        \t<!-- <span>RMT21000<\/span> -->\n        <\/div>\n\t\t<div>\n\t\t\t<p style=\"font-size: 0.8em;\">\n\t\t\t\t \n\t\t\t<\/p>\n\t\t\t \n\t\t<\/div>\n        \t\n\n    <\/div>\n         <div class=\"btn_container flex justify--between\">\n     <a class=\"detailbtn\" href=\"https:\/\/rmtequip.com\/en\/produits\/scitronics-dual-coil-metal-detector-30-48\/\"><span class=\"plusicon\">+ <\/span> Detail<\/a>\n     \n\t <div\n\tclass=\"yith-ywraq-add-to-quote add-to-quote-2282\" >\n\t\t<div class=\"yith-ywraq-add-button show\" style=\"display:block\"  data-product_id=\"2282\">\n\t\t<a href=\"#\" class=\"add-request-quote-button button\" data-product_id=\"2282\" data-wp_nonce=\"8d88f6fec9\" >Add to quote<\/a>\t<\/div>\n\t<div\n\t\tclass=\"yith_ywraq_add_item_product-response-2282 yith_ywraq_add_item_product_message hide hide-when-removed\"\n\t\tstyle=\"display:none\" data-product_id=\"2282\"><\/div>\n\t<div\n\t\tclass=\"yith_ywraq_add_item_response-2282 yith_ywraq_add_item_response_message hide hide-when-removed\"\n\t\tdata-product_id=\"2282\"\n\t\tstyle=\"display:none\">This product is already in quote request list<\/div>\n\t<div\n\t\tclass=\"yith_ywraq_add_item_browse-list-2282 yith_ywraq_add_item_browse_message  hide hide-when-removed\"\n\t\tstyle=\"display:none\"\n\t\tdata-product_id=\"2282\"><a\n\t\t\thref=\"https:\/\/rmtequip.com\/en\/request-a-quote\/\">Browse the list<\/a><\/div>\n<\/div>\n<div class=\"clear\"><\/div>    <\/div>\n<\/li><\/ul>\n<\/div>\t\t\t\t<\/div>\n\t\t\t\t<\/div>\n\t\t\t\t\t<\/div>\n\t\t<\/div>\n\t\t\t\t\t<\/div>\n\t\t<\/section>\n\t\t\t\t<\/div>\n\t\t","protected":false},"excerpt":{"rendered":"<p>Back Pour des op\u00e9rations plus efficaces et rentables Nos exigences sont tr\u00e8s \u00e9lev\u00e9es et nous ne collaborons qu\u2019avec les fabricants qui rencontrent nos standards. Nous les choisissons pour la sup\u00e9riorit\u00e9 de leurs produits \u00e0 tous les niveaux: fabrication, robustesse, ergonomie, fonctionnalit\u00e9s et convivialit\u00e9 d\u2019interface, avanc\u00e9es technologiques, adaptabilit\u00e9, disponibilit\u00e9 d\u2019inventaire et grande pr\u00e9cision. Nos experts seront [&hellip;]<\/p>\n","protected":false},"author":18,"featured_media":0,"parent":0,"menu_order":0,"comment_status":"closed","ping_status":"closed","template":"elementor_header_footer","meta":{"_acf_changed":false,"_eb_attr":"","inline_featured_image":false,"footnotes":""},"class_list":["post-2178","page","type-page","status-publish","hentry"],"acf":[],"_links":{"self":[{"href":"https:\/\/rmtequip.com\/en\/wp-json\/wp\/v2\/pages\/2178","targetHints":{"allow":["GET"]}}],"collection":[{"href":"https:\/\/rmtequip.com\/en\/wp-json\/wp\/v2\/pages"}],"about":[{"href":"https:\/\/rmtequip.com\/en\/wp-json\/wp\/v2\/types\/page"}],"author":[{"embeddable":true,"href":"https:\/\/rmtequip.com\/en\/wp-json\/wp\/v2\/users\/18"}],"replies":[{"embeddable":true,"href":"https:\/\/rmtequip.com\/en\/wp-json\/wp\/v2\/comments?post=2178"}],"version-history":[{"count":2,"href":"https:\/\/rmtequip.com\/en\/wp-json\/wp\/v2\/pages\/2178\/revisions"}],"predecessor-version":[{"id":2248,"href":"https:\/\/rmtequip.com\/en\/wp-json\/wp\/v2\/pages\/2178\/revisions\/2248"}],"wp:attachment":[{"href":"https:\/\/rmtequip.com\/en\/wp-json\/wp\/v2\/media?parent=2178"}],"curies":[{"name":"wp","href":"https:\/\/api.w.org\/{rel}","templated":true}]}}