{"id":2175,"date":"2022-06-18T13:59:21","date_gmt":"2022-06-18T17:59:21","guid":{"rendered":"https:\/\/rmtequip.com\/nouvelles\/"},"modified":"2025-03-10T12:41:20","modified_gmt":"2025-03-10T16:41:20","slug":"news","status":"publish","type":"page","link":"https:\/\/rmtequip.com\/en\/news\/","title":{"rendered":"News"},"content":{"rendered":"\t\t<div data-elementor-type=\"wp-page\" data-elementor-id=\"2175\" class=\"elementor elementor-2175 elementor-1025\" wpc-filter-elementor-widget=\"1\" data-elementor-post-type=\"page\">\n\t\t\t\t\t\t<section class=\"elementor-section elementor-top-section elementor-element elementor-element-ec66f1 elementor-section-full_width elementor-section-stretched breadcum_sec_img elementor-section-height-default elementor-section-height-default\" data-id=\"ec66f1\" data-element_type=\"section\" data-e-type=\"section\" data-settings=\"{&quot;stretch_section&quot;:&quot;section-stretched&quot;,&quot;jet_parallax_layout_list&quot;:[],&quot;background_background&quot;:&quot;classic&quot;}\">\n\t\t\t\t\t\t<div class=\"elementor-container elementor-column-gap-default\">\n\t\t\t\t\t<div class=\"elementor-column elementor-col-100 elementor-top-column elementor-element elementor-element-2ead99b2\" data-id=\"2ead99b2\" data-element_type=\"column\" data-e-type=\"column\">\n\t\t\t<div class=\"elementor-widget-wrap\">\n\t\t\t\t\t\t\t<\/div>\n\t\t<\/div>\n\t\t\t\t\t<\/div>\n\t\t<\/section>\n\t\t\t\t<section class=\"elementor-section elementor-top-section elementor-element elementor-element-dc49e8d elementor-section-content-middle custom_page_breadcum elementor-section-boxed elementor-section-height-default elementor-section-height-default\" data-id=\"dc49e8d\" data-element_type=\"section\" data-e-type=\"section\" data-settings=\"{&quot;jet_parallax_layout_list&quot;:[],&quot;background_background&quot;:&quot;classic&quot;}\">\n\t\t\t\t\t\t<div class=\"elementor-container elementor-column-gap-default\">\n\t\t\t\t\t<div class=\"elementor-column elementor-col-50 elementor-top-column elementor-element elementor-element-fc68fbd\" data-id=\"fc68fbd\" data-element_type=\"column\" data-e-type=\"column\">\n\t\t\t<div class=\"elementor-widget-wrap elementor-element-populated\">\n\t\t\t\t\t\t<div class=\"elementor-element elementor-element-ae2c0e7 elementor-widget elementor-widget-button\" data-id=\"ae2c0e7\" data-element_type=\"widget\" data-e-type=\"widget\" data-widget_type=\"button.default\">\n\t\t\t\t<div class=\"elementor-widget-container\">\n\t\t\t\t\t\t\t\t\t<div class=\"elementor-button-wrapper\">\n\t\t\t\t\t<a class=\"elementor-button elementor-button-link elementor-size-md\" href=\"https:\/\/rmtequip.com\/en\/\">\n\t\t\t\t\t\t<span class=\"elementor-button-content-wrapper\">\n\t\t\t\t\t\t<span class=\"elementor-button-icon\">\n\t\t\t\t<i aria-hidden=\"true\" class=\"fas fa-angle-left\"><\/i>\t\t\t<\/span>\n\t\t\t\t\t\t\t\t\t<span class=\"elementor-button-text\">Back<\/span>\n\t\t\t\t\t<\/span>\n\t\t\t\t\t<\/a>\n\t\t\t\t<\/div>\n\t\t\t\t\t\t\t\t<\/div>\n\t\t\t\t<\/div>\n\t\t\t\t\t<\/div>\n\t\t<\/div>\n\t\t\t\t<div class=\"elementor-column elementor-col-50 elementor-top-column elementor-element elementor-element-6145c19\" data-id=\"6145c19\" data-element_type=\"column\" data-e-type=\"column\">\n\t\t\t<div class=\"elementor-widget-wrap elementor-element-populated\">\n\t\t\t\t\t\t<div class=\"elementor-element elementor-element-73dbd88 elementor-widget elementor-widget-woocommerce-breadcrumb\" data-id=\"73dbd88\" data-element_type=\"widget\" data-e-type=\"widget\" data-widget_type=\"woocommerce-breadcrumb.default\">\n\t\t\t\t<div class=\"elementor-widget-container\">\n\t\t\t\t\t<nav class=\"woocommerce-breadcrumb\" aria-label=\"Breadcrumb\">Home<\/nav>\t\t\t\t<\/div>\n\t\t\t\t<\/div>\n\t\t\t\t\t<\/div>\n\t\t<\/div>\n\t\t\t\t\t<\/div>\n\t\t<\/section>\n\t\t\t\t<section class=\"elementor-section elementor-top-section elementor-element elementor-element-456f1af1 elementor-section-boxed elementor-section-height-default elementor-section-height-default\" data-id=\"456f1af1\" data-element_type=\"section\" data-e-type=\"section\" data-settings=\"{&quot;jet_parallax_layout_list&quot;:[]}\">\n\t\t\t\t\t\t<div class=\"elementor-container elementor-column-gap-default\">\n\t\t\t\t\t<div class=\"elementor-column elementor-col-100 elementor-top-column elementor-element elementor-element-6bcdbbcd\" data-id=\"6bcdbbcd\" data-element_type=\"column\" data-e-type=\"column\">\n\t\t\t<div class=\"elementor-widget-wrap elementor-element-populated\">\n\t\t\t\t\t\t<div class=\"elementor-element elementor-element-189fb54 elementor-grid-3 elementor-grid-tablet-2 elementor-grid-mobile-1 elementor-posts--thumbnail-top elementor-widget elementor-widget-posts\" data-id=\"189fb54\" data-element_type=\"widget\" data-e-type=\"widget\" data-settings=\"{&quot;pagination_type&quot;:&quot;numbers&quot;,&quot;classic_columns&quot;:&quot;3&quot;,&quot;classic_columns_tablet&quot;:&quot;2&quot;,&quot;classic_columns_mobile&quot;:&quot;1&quot;,&quot;classic_row_gap&quot;:{&quot;unit&quot;:&quot;px&quot;,&quot;size&quot;:35,&quot;sizes&quot;:[]},&quot;classic_row_gap_tablet&quot;:{&quot;unit&quot;:&quot;px&quot;,&quot;size&quot;:&quot;&quot;,&quot;sizes&quot;:[]},&quot;classic_row_gap_mobile&quot;:{&quot;unit&quot;:&quot;px&quot;,&quot;size&quot;:&quot;&quot;,&quot;sizes&quot;:[]}}\" data-widget_type=\"posts.classic\">\n\t\t\t\t<div class=\"elementor-widget-container\">\n\t\t\t\t\t\t\t<div class=\"elementor-posts-container elementor-posts elementor-posts--skin-classic elementor-grid\" role=\"list\">\n\t\t\t\t<article class=\"elementor-post elementor-grid-item post-10086 post type-post status-publish format-standard has-post-thumbnail hentry category-categorie-1-en\" role=\"listitem\">\n\t\t\t\t<a class=\"elementor-post__thumbnail__link\" href=\"https:\/\/rmtequip.com\/en\/thaw_season\/\" tabindex=\"-1\" >\n\t\t\t<div class=\"elementor-post__thumbnail\"><img fetchpriority=\"high\" decoding=\"async\" width=\"300\" height=\"256\" src=\"https:\/\/rmtequip.com\/wp-content\/uploads\/2026\/03\/THAW_SEASON-300x256.png\" class=\"attachment-medium size-medium wp-image-10088\" alt=\"\" srcset=\"https:\/\/rmtequip.com\/wp-content\/uploads\/2026\/03\/THAW_SEASON-300x256.png 300w, https:\/\/rmtequip.com\/wp-content\/uploads\/2026\/03\/THAW_SEASON-768x656.png 768w, https:\/\/rmtequip.com\/wp-content\/uploads\/2026\/03\/THAW_SEASON-700x598.png 700w, https:\/\/rmtequip.com\/wp-content\/uploads\/2026\/03\/THAW_SEASON.png 794w\" sizes=\"(max-width: 300px) 100vw, 300px\" \/><\/div>\n\t\t<\/a>\n\t\t\t\t<div class=\"elementor-post__text\">\n\t\t\t\t<h3 class=\"elementor-post__title\">\n\t\t\t<a href=\"https:\/\/rmtequip.com\/en\/thaw_season\/\" >\n\t\t\t\tThaw Season &#8211; Stressed before weighing ?\t\t\t<\/a>\n\t\t<\/h3>\n\t\t\t\t<div class=\"elementor-post__meta-data\">\n\t\t\t\t\t<span class=\"elementor-post-date\">\n\t\t\t2026-03-03\t\t<\/span>\n\t\t\t\t<\/div>\n\t\t\t\t\t<div class=\"elementor-post__read-more-wrapper\">\n\t\t\n\t\t<a class=\"elementor-post__read-more\" href=\"https:\/\/rmtequip.com\/en\/thaw_season\/\" aria-label=\"Read more about Thaw Season &#8211; Stressed before weighing ?\" tabindex=\"-1\" >\n\t\t\tRead More \u00bb\t\t<\/a>\n\n\t\t\t\t\t<\/div>\n\t\t\t\t<\/div>\n\t\t\t\t<\/article>\n\t\t\t\t<article class=\"elementor-post elementor-grid-item post-9531 post type-post status-publish format-standard has-post-thumbnail hentry category-categorie-1-en\" role=\"listitem\">\n\t\t\t\t<a class=\"elementor-post__thumbnail__link\" href=\"https:\/\/rmtequip.com\/en\/rmt-launches-connected-cab-filtration-a-first-in-canada\/\" tabindex=\"-1\" >\n\t\t\t<div class=\"elementor-post__thumbnail\"><img decoding=\"async\" width=\"300\" height=\"221\" src=\"https:\/\/rmtequip.com\/wp-content\/uploads\/2025\/05\/BMair-filtration-connectee_ImageWEB-300x221.jpg\" class=\"attachment-medium size-medium wp-image-9518\" alt=\"Excavatrices op\u00e9rant dans un environnement poussi\u00e9reux avec le syst\u00e8me de filtration d&#039;air connect\u00e9 Bmair Protector avec BMair Connect.\" srcset=\"https:\/\/rmtequip.com\/wp-content\/uploads\/2025\/05\/BMair-filtration-connectee_ImageWEB-300x221.jpg 300w, https:\/\/rmtequip.com\/wp-content\/uploads\/2025\/05\/BMair-filtration-connectee_ImageWEB-1024x753.jpg 1024w, https:\/\/rmtequip.com\/wp-content\/uploads\/2025\/05\/BMair-filtration-connectee_ImageWEB-768x564.jpg 768w, https:\/\/rmtequip.com\/wp-content\/uploads\/2025\/05\/BMair-filtration-connectee_ImageWEB-700x515.jpg 700w, https:\/\/rmtequip.com\/wp-content\/uploads\/2025\/05\/BMair-filtration-connectee_ImageWEB.jpg 1200w\" sizes=\"(max-width: 300px) 100vw, 300px\" \/><\/div>\n\t\t<\/a>\n\t\t\t\t<div class=\"elementor-post__text\">\n\t\t\t\t<h3 class=\"elementor-post__title\">\n\t\t\t<a href=\"https:\/\/rmtequip.com\/en\/rmt-launches-connected-cab-filtration-a-first-in-canada\/\" >\n\t\t\t\tRMT Launches Connected Cab Filtration &#8211; A First in Canada!\t\t\t<\/a>\n\t\t<\/h3>\n\t\t\t\t<div class=\"elementor-post__meta-data\">\n\t\t\t\t\t<span class=\"elementor-post-date\">\n\t\t\t2025-05-01\t\t<\/span>\n\t\t\t\t<\/div>\n\t\t\t\t\t<div class=\"elementor-post__read-more-wrapper\">\n\t\t\n\t\t<a class=\"elementor-post__read-more\" href=\"https:\/\/rmtequip.com\/en\/rmt-launches-connected-cab-filtration-a-first-in-canada\/\" aria-label=\"Read more about RMT Launches Connected Cab Filtration &#8211; A First in Canada!\" tabindex=\"-1\" >\n\t\t\tRead More \u00bb\t\t<\/a>\n\n\t\t\t\t\t<\/div>\n\t\t\t\t<\/div>\n\t\t\t\t<\/article>\n\t\t\t\t<article class=\"elementor-post elementor-grid-item post-8124 post type-post status-publish format-standard has-post-thumbnail hentry category-uncategorized\" role=\"listitem\">\n\t\t\t\t<a class=\"elementor-post__thumbnail__link\" href=\"https:\/\/rmtequip.com\/en\/rmt-and-its-product-trackweight-brt5-win-the-best-onboard-weighing-systems-2024-award\/\" tabindex=\"-1\" >\n\t\t\t<div class=\"elementor-post__thumbnail\"><img decoding=\"async\" width=\"300\" height=\"221\" src=\"https:\/\/rmtequip.com\/wp-content\/uploads\/2024\/04\/WEB_Gagnant-Weighing-Review-Awards-2024-300x221.jpg\" class=\"attachment-medium size-medium wp-image-8122\" alt=\"\" srcset=\"https:\/\/rmtequip.com\/wp-content\/uploads\/2024\/04\/WEB_Gagnant-Weighing-Review-Awards-2024-300x221.jpg 300w, https:\/\/rmtequip.com\/wp-content\/uploads\/2024\/04\/WEB_Gagnant-Weighing-Review-Awards-2024-1024x753.jpg 1024w, https:\/\/rmtequip.com\/wp-content\/uploads\/2024\/04\/WEB_Gagnant-Weighing-Review-Awards-2024-768x564.jpg 768w, https:\/\/rmtequip.com\/wp-content\/uploads\/2024\/04\/WEB_Gagnant-Weighing-Review-Awards-2024-700x515.jpg 700w, https:\/\/rmtequip.com\/wp-content\/uploads\/2024\/04\/WEB_Gagnant-Weighing-Review-Awards-2024.jpg 1200w\" sizes=\"(max-width: 300px) 100vw, 300px\" \/><\/div>\n\t\t<\/a>\n\t\t\t\t<div class=\"elementor-post__text\">\n\t\t\t\t<h3 class=\"elementor-post__title\">\n\t\t\t<a href=\"https:\/\/rmtequip.com\/en\/rmt-and-its-product-trackweight-brt5-win-the-best-onboard-weighing-systems-2024-award\/\" >\n\t\t\t\tRMT and its product TrackWeight BRT5 win the Best Onboard Weighing Systems 2024 award\t\t\t<\/a>\n\t\t<\/h3>\n\t\t\t\t<div class=\"elementor-post__meta-data\">\n\t\t\t\t\t<span class=\"elementor-post-date\">\n\t\t\t2024-04-17\t\t<\/span>\n\t\t\t\t<\/div>\n\t\t\t\t\t<div class=\"elementor-post__read-more-wrapper\">\n\t\t\n\t\t<a class=\"elementor-post__read-more\" href=\"https:\/\/rmtequip.com\/en\/rmt-and-its-product-trackweight-brt5-win-the-best-onboard-weighing-systems-2024-award\/\" aria-label=\"Read more about RMT and its product TrackWeight BRT5 win the Best Onboard Weighing Systems 2024 award\" tabindex=\"-1\" >\n\t\t\tRead More \u00bb\t\t<\/a>\n\n\t\t\t\t\t<\/div>\n\t\t\t\t<\/div>\n\t\t\t\t<\/article>\n\t\t\t\t<article class=\"elementor-post elementor-grid-item post-7686 post type-post status-publish format-standard has-post-thumbnail hentry category-uncategorized\" role=\"listitem\">\n\t\t\t\t<a class=\"elementor-post__thumbnail__link\" href=\"https:\/\/rmtequip.com\/en\/the-vei-helperx-scale-on-board-canadas-first-100-electric-wheel-loader\/\" tabindex=\"-1\" >\n\t\t\t<div class=\"elementor-post__thumbnail\"><img loading=\"lazy\" decoding=\"async\" width=\"300\" height=\"221\" src=\"https:\/\/rmtequip.com\/wp-content\/uploads\/2024\/03\/Nouvelles-RMT_HelperX-sur-loader-electrique-1-300x221.jpg\" class=\"attachment-medium size-medium wp-image-7683\" alt=\"V\u00e9hicule de service RMT avec le tout premier chargeur sur roues 100% \u00e9lectrique au pays.\" srcset=\"https:\/\/rmtequip.com\/wp-content\/uploads\/2024\/03\/Nouvelles-RMT_HelperX-sur-loader-electrique-1-300x221.jpg 300w, https:\/\/rmtequip.com\/wp-content\/uploads\/2024\/03\/Nouvelles-RMT_HelperX-sur-loader-electrique-1-1024x753.jpg 1024w, https:\/\/rmtequip.com\/wp-content\/uploads\/2024\/03\/Nouvelles-RMT_HelperX-sur-loader-electrique-1-768x564.jpg 768w, https:\/\/rmtequip.com\/wp-content\/uploads\/2024\/03\/Nouvelles-RMT_HelperX-sur-loader-electrique-1-700x515.jpg 700w, https:\/\/rmtequip.com\/wp-content\/uploads\/2024\/03\/Nouvelles-RMT_HelperX-sur-loader-electrique-1.jpg 1200w\" sizes=\"(max-width: 300px) 100vw, 300px\" \/><\/div>\n\t\t<\/a>\n\t\t\t\t<div class=\"elementor-post__text\">\n\t\t\t\t<h3 class=\"elementor-post__title\">\n\t\t\t<a href=\"https:\/\/rmtequip.com\/en\/the-vei-helperx-scale-on-board-canadas-first-100-electric-wheel-loader\/\" >\n\t\t\t\tThe VEI HelperX scale: On board Canada&#8217;s first 100% electric wheel loader!\t\t\t<\/a>\n\t\t<\/h3>\n\t\t\t\t<div class=\"elementor-post__meta-data\">\n\t\t\t\t\t<span class=\"elementor-post-date\">\n\t\t\t2024-03-05\t\t<\/span>\n\t\t\t\t<\/div>\n\t\t\t\t\t<div class=\"elementor-post__read-more-wrapper\">\n\t\t\n\t\t<a class=\"elementor-post__read-more\" href=\"https:\/\/rmtequip.com\/en\/the-vei-helperx-scale-on-board-canadas-first-100-electric-wheel-loader\/\" aria-label=\"Read more about The VEI HelperX scale: On board Canada&#8217;s first 100% electric wheel loader!\" tabindex=\"-1\" >\n\t\t\tRead More \u00bb\t\t<\/a>\n\n\t\t\t\t\t<\/div>\n\t\t\t\t<\/div>\n\t\t\t\t<\/article>\n\t\t\t\t<article class=\"elementor-post elementor-grid-item post-4915 post type-post status-publish format-standard has-post-thumbnail hentry category-uncategorized\" role=\"listitem\">\n\t\t\t\t<a class=\"elementor-post__thumbnail__link\" href=\"https:\/\/rmtequip.com\/en\/rmt-equipment-now-a-weighing-review-listed-company\/\" tabindex=\"-1\" >\n\t\t\t<div class=\"elementor-post__thumbnail\"><img loading=\"lazy\" decoding=\"async\" width=\"300\" height=\"221\" src=\"https:\/\/rmtequip.com\/wp-content\/uploads\/2023\/05\/weighing-review-300x221.jpg\" class=\"attachment-medium size-medium wp-image-5219\" alt=\"\" srcset=\"https:\/\/rmtequip.com\/wp-content\/uploads\/2023\/05\/weighing-review-300x221.jpg 300w, https:\/\/rmtequip.com\/wp-content\/uploads\/2023\/05\/weighing-review-1024x753.jpg 1024w, https:\/\/rmtequip.com\/wp-content\/uploads\/2023\/05\/weighing-review-768x564.jpg 768w, https:\/\/rmtequip.com\/wp-content\/uploads\/2023\/05\/weighing-review-700x515.jpg 700w, https:\/\/rmtequip.com\/wp-content\/uploads\/2023\/05\/weighing-review.jpg 1200w\" sizes=\"(max-width: 300px) 100vw, 300px\" \/><\/div>\n\t\t<\/a>\n\t\t\t\t<div class=\"elementor-post__text\">\n\t\t\t\t<h3 class=\"elementor-post__title\">\n\t\t\t<a href=\"https:\/\/rmtequip.com\/en\/rmt-equipment-now-a-weighing-review-listed-company\/\" >\n\t\t\t\tRMT Equipment now a Weighing Review Listed Company\t\t\t<\/a>\n\t\t<\/h3>\n\t\t\t\t<div class=\"elementor-post__meta-data\">\n\t\t\t\t\t<span class=\"elementor-post-date\">\n\t\t\t2023-05-23\t\t<\/span>\n\t\t\t\t<\/div>\n\t\t\t\t\t<div class=\"elementor-post__read-more-wrapper\">\n\t\t\n\t\t<a class=\"elementor-post__read-more\" href=\"https:\/\/rmtequip.com\/en\/rmt-equipment-now-a-weighing-review-listed-company\/\" aria-label=\"Read more about RMT Equipment now a Weighing Review Listed Company\" tabindex=\"-1\" >\n\t\t\tRead More \u00bb\t\t<\/a>\n\n\t\t\t\t\t<\/div>\n\t\t\t\t<\/div>\n\t\t\t\t<\/article>\n\t\t\t\t<article class=\"elementor-post elementor-grid-item post-4908 post type-post status-publish format-standard has-post-thumbnail hentry category-uncategorized\" role=\"listitem\">\n\t\t\t\t<a class=\"elementor-post__thumbnail__link\" href=\"https:\/\/rmtequip.com\/en\/appointment-of-a-service-manager-at-rmt-equipment\/\" tabindex=\"-1\" >\n\t\t\t<div class=\"elementor-post__thumbnail\"><img loading=\"lazy\" decoding=\"async\" width=\"300\" height=\"221\" src=\"https:\/\/rmtequip.com\/wp-content\/uploads\/2023\/05\/Tino_Lepore_nomination_RMT-wp2-1-300x221.jpg\" class=\"attachment-medium size-medium wp-image-5215\" alt=\"\" srcset=\"https:\/\/rmtequip.com\/wp-content\/uploads\/2023\/05\/Tino_Lepore_nomination_RMT-wp2-1-300x221.jpg 300w, https:\/\/rmtequip.com\/wp-content\/uploads\/2023\/05\/Tino_Lepore_nomination_RMT-wp2-1-1024x753.jpg 1024w, https:\/\/rmtequip.com\/wp-content\/uploads\/2023\/05\/Tino_Lepore_nomination_RMT-wp2-1-768x564.jpg 768w, https:\/\/rmtequip.com\/wp-content\/uploads\/2023\/05\/Tino_Lepore_nomination_RMT-wp2-1-700x515.jpg 700w, https:\/\/rmtequip.com\/wp-content\/uploads\/2023\/05\/Tino_Lepore_nomination_RMT-wp2-1.jpg 1200w\" sizes=\"(max-width: 300px) 100vw, 300px\" \/><\/div>\n\t\t<\/a>\n\t\t\t\t<div class=\"elementor-post__text\">\n\t\t\t\t<h3 class=\"elementor-post__title\">\n\t\t\t<a href=\"https:\/\/rmtequip.com\/en\/appointment-of-a-service-manager-at-rmt-equipment\/\" >\n\t\t\t\tAppointment of a service manager at RMT Equipment\t\t\t<\/a>\n\t\t<\/h3>\n\t\t\t\t<div class=\"elementor-post__meta-data\">\n\t\t\t\t\t<span class=\"elementor-post-date\">\n\t\t\t2023-05-09\t\t<\/span>\n\t\t\t\t<\/div>\n\t\t\t\t\t<div class=\"elementor-post__read-more-wrapper\">\n\t\t\n\t\t<a class=\"elementor-post__read-more\" href=\"https:\/\/rmtequip.com\/en\/appointment-of-a-service-manager-at-rmt-equipment\/\" aria-label=\"Read more about Appointment of a service manager at RMT Equipment\" tabindex=\"-1\" >\n\t\t\tRead More \u00bb\t\t<\/a>\n\n\t\t\t\t\t<\/div>\n\t\t\t\t<\/div>\n\t\t\t\t<\/article>\n\t\t\t\t<\/div>\n\t\t\n\t\t\t\t<div class=\"e-load-more-anchor\" data-page=\"1\" data-max-page=\"2\" data-next-page=\"https:\/\/rmtequip.com\/en\/wp-json\/wp\/v2\/pages\/2175\/page\/2\/\"><\/div>\n\t\t\t\t<nav class=\"elementor-pagination\" aria-label=\"Pagination\">\n\t\t\t<span aria-current=\"page\" class=\"page-numbers current\"><span class=\"elementor-screen-only\">Page<\/span>1<\/span>\n<a class=\"page-numbers\" href=\"https:\/\/rmtequip.com\/en\/wp-json\/wp\/v2\/pages\/2175\/page\/2\/\"><span class=\"elementor-screen-only\">Page<\/span>2<\/a>\t\t<\/nav>\n\t\t\t\t\t\t<\/div>\n\t\t\t\t<\/div>\n\t\t\t\t\t<\/div>\n\t\t<\/div>\n\t\t\t\t\t<\/div>\n\t\t<\/section>\n\t\t\t\t<\/div>\n\t\t","protected":false},"excerpt":{"rendered":"<p>Back<\/p>\n","protected":false},"author":18,"featured_media":0,"parent":0,"menu_order":0,"comment_status":"closed","ping_status":"closed","template":"","meta":{"_acf_changed":false,"_eb_attr":"","inline_featured_image":false,"footnotes":""},"class_list":["post-2175","page","type-page","status-publish","hentry"],"acf":[],"_links":{"self":[{"href":"https:\/\/rmtequip.com\/en\/wp-json\/wp\/v2\/pages\/2175","targetHints":{"allow":["GET"]}}],"collection":[{"href":"https:\/\/rmtequip.com\/en\/wp-json\/wp\/v2\/pages"}],"about":[{"href":"https:\/\/rmtequip.com\/en\/wp-json\/wp\/v2\/types\/page"}],"author":[{"embeddable":true,"href":"https:\/\/rmtequip.com\/en\/wp-json\/wp\/v2\/users\/18"}],"replies":[{"embeddable":true,"href":"https:\/\/rmtequip.com\/en\/wp-json\/wp\/v2\/comments?post=2175"}],"version-history":[{"count":23,"href":"https:\/\/rmtequip.com\/en\/wp-json\/wp\/v2\/pages\/2175\/revisions"}],"predecessor-version":[{"id":9162,"href":"https:\/\/rmtequip.com\/en\/wp-json\/wp\/v2\/pages\/2175\/revisions\/9162"}],"wp:attachment":[{"href":"https:\/\/rmtequip.com\/en\/wp-json\/wp\/v2\/media?parent=2175"}],"curies":[{"name":"wp","href":"https:\/\/api.w.org\/{rel}","templated":true}]}}